{"id":9637,"date":"2023-01-31T16:08:33","date_gmt":"2023-01-31T21:08:33","guid":{"rendered":"https:\/\/k-ecommerce.com\/k-ecom-demo-video"},"modified":"2023-12-03T11:08:02","modified_gmt":"2023-12-03T16:08:02","slug":"k-ecom-demo-video","status":"publish","type":"page","link":"https:\/\/k-ecommerce.com\/fr\/k-ecom-demo-video","title":{"rendered":"K.ecom Demo Video"},"content":{"rendered":"\t\t<div data-elementor-type=\"wp-page\" data-elementor-id=\"9637\" class=\"elementor elementor-9637 elementor-8365\" data-elementor-post-type=\"page\">\n\t\t\t\t\t\t<section class=\"elementor-section elementor-top-section elementor-element elementor-element-be8e6dd elementor-section-boxed elementor-section-height-default elementor-section-height-default\" data-id=\"be8e6dd\" data-element_type=\"section\" data-e-type=\"section\">\n\t\t\t\t\t\t<div class=\"elementor-container elementor-column-gap-default\">\n\t\t\t\t\t<div class=\"elementor-column elementor-col-100 elementor-top-column elementor-element elementor-element-f2343da\" data-id=\"f2343da\" data-element_type=\"column\" data-e-type=\"column\">\n\t\t\t<div class=\"elementor-widget-wrap elementor-element-populated\">\n\t\t\t\t\t\t<div class=\"elementor-element elementor-element-fa85ece elementor-widget elementor-widget-heading\" data-id=\"fa85ece\" data-element_type=\"widget\" data-e-type=\"widget\" data-widget_type=\"heading.default\">\n\t\t\t\t<div class=\"elementor-widget-container\">\n\t\t\t\t\t<h2 class=\"elementor-heading-title elementor-size-default\">La solution K.ecom en action!<\/h2>\t\t\t\t<\/div>\n\t\t\t\t<\/div>\n\t\t\t\t<div class=\"elementor-element elementor-element-d9af283 elementor-widget elementor-widget-text-editor\" data-id=\"d9af283\" data-element_type=\"widget\" data-e-type=\"widget\" data-widget_type=\"text-editor.default\">\n\t\t\t\t<div class=\"elementor-widget-container\">\n\t\t\t\t\t\t\t\t\t<p>St\u00e9phane Guitard, consultant-expert chez k-ecommerce, fait le tour de notre plateforme de commerce \u00e9lectronique int\u00e9gr\u00e9e \u00e0 l&#8217;ERP K.ecom.<\/p>\t\t\t\t\t\t\t\t<\/div>\n\t\t\t\t<\/div>\n\t\t\t\t<div class=\"elementor-element elementor-element-0ebb1fe elementor-widget elementor-widget-video\" data-id=\"0ebb1fe\" data-element_type=\"widget\" data-e-type=\"widget\" data-settings=\"{&quot;youtube_url&quot;:&quot;https:\\\/\\\/www.youtube.com\\\/watch?v=-FyxH9v4lQQ&quot;,&quot;video_type&quot;:&quot;youtube&quot;,&quot;controls&quot;:&quot;yes&quot;}\" data-widget_type=\"video.default\">\n\t\t\t\t<div class=\"elementor-widget-container\">\n\t\t\t\t\t\t\t<div class=\"elementor-wrapper elementor-open-inline\">\n\t\t\t<div class=\"elementor-video\"><\/div>\t\t<\/div>\n\t\t\t\t\t\t<\/div>\n\t\t\t\t<\/div>\n\t\t\t\t<div class=\"elementor-element elementor-element-248dcd5 elementor-widget elementor-widget-spacer\" data-id=\"248dcd5\" data-element_type=\"widget\" data-e-type=\"widget\" data-widget_type=\"spacer.default\">\n\t\t\t\t<div class=\"elementor-widget-container\">\n\t\t\t\t\t\t\t<div class=\"elementor-spacer\">\n\t\t\t<div class=\"elementor-spacer-inner\"><\/div>\n\t\t<\/div>\n\t\t\t\t\t\t<\/div>\n\t\t\t\t<\/div>\n\t\t\t\t<div class=\"elementor-element elementor-element-9c1dee3 elementor-widget elementor-widget-text-editor\" data-id=\"9c1dee3\" data-element_type=\"widget\" data-e-type=\"widget\" data-widget_type=\"text-editor.default\">\n\t\t\t\t<div class=\"elementor-widget-container\">\n\t\t\t\t\t\t\t\t\t<h4 style=\"text-align: center;\">Vous avez des questions sur notre solution?<\/h4>\t\t\t\t\t\t\t\t<\/div>\n\t\t\t\t<\/div>\n\t\t\t\t<div class=\"elementor-element elementor-element-cc13f92 elementor-align-center elementor-widget elementor-widget-button\" data-id=\"cc13f92\" data-element_type=\"widget\" data-e-type=\"widget\" data-widget_type=\"button.default\">\n\t\t\t\t<div class=\"elementor-widget-container\">\n\t\t\t\t\t\t\t\t\t<div class=\"elementor-button-wrapper\">\n\t\t\t\t\t<a class=\"elementor-button elementor-button-link elementor-size-sm\" href=\"https:\/\/k-ecommerce.com\/fr\/contactez-us\">\n\t\t\t\t\t\t<span class=\"elementor-button-content-wrapper\">\n\t\t\t\t\t\t\t\t\t<span class=\"elementor-button-text\">Discutez avec un expert<\/span>\n\t\t\t\t\t<\/span>\n\t\t\t\t\t<\/a>\n\t\t\t\t<\/div>\n\t\t\t\t\t\t\t\t<\/div>\n\t\t\t\t<\/div>\n\t\t\t\t\t<\/div>\n\t\t<\/div>\n\t\t\t\t\t<\/div>\n\t\t<\/section>\n\t\t\t\t<\/div>\n\t\t","protected":false},"excerpt":{"rendered":"<p>La solution K.ecom en action! St\u00e9phane Guitard, consultant-expert chez k-ecommerce, fait le tour de notre plateforme de commerce \u00e9lectronique int\u00e9gr\u00e9e \u00e0 l&#8217;ERP K.ecom. https:\/\/www.youtube.com\/watch?v=-FyxH9v4lQQ Vous avez des questions sur notre solution? Discutez avec un expert<\/p>\n","protected":false},"author":2,"featured_media":0,"parent":0,"menu_order":0,"comment_status":"closed","ping_status":"closed","template":"","meta":{"_acf_changed":false,"inline_featured_image":false,"footnotes":""},"class_list":["post-9637","page","type-page","status-publish","hentry"],"acf":[],"_links":{"self":[{"href":"https:\/\/k-ecommerce.com\/fr\/wp-json\/wp\/v2\/pages\/9637","targetHints":{"allow":["GET"]}}],"collection":[{"href":"https:\/\/k-ecommerce.com\/fr\/wp-json\/wp\/v2\/pages"}],"about":[{"href":"https:\/\/k-ecommerce.com\/fr\/wp-json\/wp\/v2\/types\/page"}],"author":[{"embeddable":true,"href":"https:\/\/k-ecommerce.com\/fr\/wp-json\/wp\/v2\/users\/2"}],"replies":[{"embeddable":true,"href":"https:\/\/k-ecommerce.com\/fr\/wp-json\/wp\/v2\/comments?post=9637"}],"version-history":[{"count":0,"href":"https:\/\/k-ecommerce.com\/fr\/wp-json\/wp\/v2\/pages\/9637\/revisions"}],"wp:attachment":[{"href":"https:\/\/k-ecommerce.com\/fr\/wp-json\/wp\/v2\/media?parent=9637"}],"curies":[{"name":"wp","href":"https:\/\/api.w.org\/{rel}","templated":true}]}}