{"id":9578,"date":"2023-01-16T10:22:19","date_gmt":"2023-01-16T15:22:19","guid":{"rendered":"https:\/\/k-ecommerce.com\/contact-us"},"modified":"2026-02-09T13:37:29","modified_gmt":"2026-02-09T18:37:29","slug":"contactez-nous","status":"publish","type":"page","link":"https:\/\/k-ecommerce.com\/fr\/contactez-nous","title":{"rendered":"Contactez-nous"},"content":{"rendered":"\t\t<div data-elementor-type=\"wp-page\" data-elementor-id=\"9578\" class=\"elementor elementor-9578 elementor-2718\" data-elementor-post-type=\"page\">\n\t\t\t\t\t\t<section class=\"elementor-section elementor-top-section elementor-element elementor-element-f8d92fd elementor-section-boxed elementor-section-height-default elementor-section-height-default\" data-id=\"f8d92fd\" data-element_type=\"section\" data-e-type=\"section\" data-settings=\"{&quot;background_background&quot;:&quot;classic&quot;}\">\n\t\t\t\t\t\t<div class=\"elementor-container elementor-column-gap-default\">\n\t\t\t\t\t<div class=\"elementor-column elementor-col-50 elementor-top-column elementor-element elementor-element-9361a3d elementor-invisible\" data-id=\"9361a3d\" data-element_type=\"column\" data-e-type=\"column\" data-settings=\"{&quot;animation&quot;:&quot;fadeInLeft&quot;}\">\n\t\t\t<div class=\"elementor-widget-wrap elementor-element-populated\">\n\t\t\t\t\t\t<div class=\"elementor-element elementor-element-9e5638b elementor-widget elementor-widget-heading\" data-id=\"9e5638b\" data-element_type=\"widget\" data-e-type=\"widget\" data-widget_type=\"heading.default\">\n\t\t\t\t<div class=\"elementor-widget-container\">\n\t\t\t\t\t<h1 class=\"elementor-heading-title elementor-size-default\">Parlez \u00e0 un expert<\/h1>\t\t\t\t<\/div>\n\t\t\t\t<\/div>\n\t\t\t\t<div class=\"elementor-element elementor-element-01005fa elementor-widget elementor-widget-text-editor\" data-id=\"01005fa\" data-element_type=\"widget\" data-e-type=\"widget\" data-widget_type=\"text-editor.default\">\n\t\t\t\t<div class=\"elementor-widget-container\">\n\t\t\t\t\t\t\t\t\t<p class=\"ejs-contactForm\">Pr\u00e9parez votre boutique en ligne \u00e0 prendre des commandes d\u00e8s maintenant. La vitesse n\u2019a jamais \u00e9t\u00e9 aussi importante. Nos experts sont l\u00e0 pour vous aider.<\/p>\n<p class=\"ejs-contactForm\">Remplissez ce formulaire et un de nos experts en commerce \u00e9lectronique communiquera avec vous sous peu :<\/p>\t\t\t\t\t\t\t\t<\/div>\n\t\t\t\t<\/div>\n\t\t\t\t\t<\/div>\n\t\t<\/div>\n\t\t\t\t<div class=\"elementor-column elementor-col-50 elementor-top-column elementor-element elementor-element-088c81a elementor-invisible\" data-id=\"088c81a\" data-element_type=\"column\" data-e-type=\"column\" data-settings=\"{&quot;animation&quot;:&quot;fadeInRight&quot;}\">\n\t\t\t<div class=\"elementor-widget-wrap elementor-element-populated\">\n\t\t\t\t\t\t<div class=\"elementor-element elementor-element-a2c56dc elementor-widget elementor-widget-html\" data-id=\"a2c56dc\" data-element_type=\"widget\" data-e-type=\"widget\" data-widget_type=\"html.default\">\n\t\t\t\t<div class=\"elementor-widget-container\">\n\t\t\t\t\t<script>\n  hbspt.forms.create({\n    region: \"na1\",\n    portalId: \"7364244\",\n    formId: \"4ee84775-eaf2-4cfa-880b-30e38c8831ca\"\n  });\n<\/script>\t\t\t\t<\/div>\n\t\t\t\t<\/div>\n\t\t\t\t<div class=\"elementor-element elementor-element-66aec85 elementor-widget elementor-widget-text-editor\" data-id=\"66aec85\" data-element_type=\"widget\" data-e-type=\"widget\" data-widget_type=\"text-editor.default\">\n\t\t\t\t<div class=\"elementor-widget-container\">\n\t\t\t\t\t\t\t\t\t<small>Ce site est prot\u00e9g\u00e9 par reCAPTCHA et les <a href=\"https:\/\/policies.google.com\/privacy\">r\u00e8gles de confidentialit\u00e9<\/a>\n et les \n    <a href=\"https:\/\/policies.google.com\/terms\">conditions d&#8217;utilisation<\/a> de Google s&#8217;appliquent.<\/small>\t\t\t\t\t\t\t\t<\/div>\n\t\t\t\t<\/div>\n\t\t\t\t\t<\/div>\n\t\t<\/div>\n\t\t\t\t\t<\/div>\n\t\t<\/section>\n\t\t\t\t<section class=\"elementor-section elementor-top-section elementor-element elementor-element-0a542f8 elementor-section-content-middle dots contact overflow-top elementor-section-boxed elementor-section-height-default elementor-section-height-default\" data-id=\"0a542f8\" data-element_type=\"section\" data-e-type=\"section\" data-settings=\"{&quot;background_background&quot;:&quot;classic&quot;}\">\n\t\t\t\t\t\t<div class=\"elementor-container elementor-column-gap-wider\">\n\t\t\t\t\t<div class=\"elementor-column elementor-col-50 elementor-top-column elementor-element elementor-element-0b25fc5 elementor-invisible\" data-id=\"0b25fc5\" data-element_type=\"column\" data-e-type=\"column\" data-settings=\"{&quot;animation&quot;:&quot;fadeInLeft&quot;}\">\n\t\t\t<div class=\"elementor-widget-wrap elementor-element-populated\">\n\t\t\t\t\t\t<div class=\"elementor-element elementor-element-262d5d4 elementor-widget elementor-widget-heading\" data-id=\"262d5d4\" data-element_type=\"widget\" data-e-type=\"widget\" data-widget_type=\"heading.default\">\n\t\t\t\t<div class=\"elementor-widget-container\">\n\t\t\t\t\t<h2 class=\"elementor-heading-title elementor-size-default\">D\u00e9j\u00e0 client de<br> k-ecommerce?<\/h2>\t\t\t\t<\/div>\n\t\t\t\t<\/div>\n\t\t\t\t<div class=\"elementor-element elementor-element-5600fd9 elementor-widget elementor-widget-text-editor\" data-id=\"5600fd9\" data-element_type=\"widget\" data-e-type=\"widget\" data-widget_type=\"text-editor.default\">\n\t\t\t\t<div class=\"elementor-widget-container\">\n\t\t\t\t\t\t\t\t\t<p>Si vous avez besoin d\u2019aide relativement \u00e0 votre solution\u00a0<span class=\"nobreak\">k-ecommerce<\/span>, veuillez communiquer avec nous de l\u2019une des fa\u00e7ons suivantes.<\/p>\t\t\t\t\t\t\t\t<\/div>\n\t\t\t\t<\/div>\n\t\t\t\t<div class=\"elementor-element elementor-element-dfdf3c3 elementor-widget elementor-widget-text-editor\" data-id=\"dfdf3c3\" data-element_type=\"widget\" data-e-type=\"widget\" data-widget_type=\"text-editor.default\">\n\t\t\t\t<div class=\"elementor-widget-container\">\n\t\t\t\t\t\t\t\t\t<p><a href=\"tel:18555326663\" target=\"_blank\" rel=\"noopener\">1-855-532-6663<\/a><\/p>\t\t\t\t\t\t\t\t<\/div>\n\t\t\t\t<\/div>\n\t\t\t\t<div class=\"elementor-element elementor-element-5c8a4f6 elementor-widget elementor-widget-text-editor\" data-id=\"5c8a4f6\" data-element_type=\"widget\" data-e-type=\"widget\" data-widget_type=\"text-editor.default\">\n\t\t\t\t<div class=\"elementor-widget-container\">\n\t\t\t\t\t\t\t\t\t<p><a href=\"mailto:support@k-ecommerce.zendesk.com\">support@k-ecommerce.zendesk.com<\/a><\/p>\t\t\t\t\t\t\t\t<\/div>\n\t\t\t\t<\/div>\n\t\t\t\t\t<\/div>\n\t\t<\/div>\n\t\t\t\t<div class=\"elementor-column elementor-col-50 elementor-top-column elementor-element elementor-element-96d22c2 elementor-invisible\" data-id=\"96d22c2\" data-element_type=\"column\" data-e-type=\"column\" data-settings=\"{&quot;animation&quot;:&quot;fadeInRight&quot;}\">\n\t\t\t<div class=\"elementor-widget-wrap elementor-element-populated\">\n\t\t\t\t\t\t<div class=\"elementor-element elementor-element-a29f523 elementor-widget elementor-widget-heading\" data-id=\"a29f523\" data-element_type=\"widget\" data-e-type=\"widget\" data-widget_type=\"heading.default\">\n\t\t\t\t<div class=\"elementor-widget-container\">\n\t\t\t\t\t<h3 class=\"elementor-heading-title elementor-size-default\">Nos bureaux :<\/h3>\t\t\t\t<\/div>\n\t\t\t\t<\/div>\n\t\t\t\t<div class=\"elementor-element elementor-element-813e25f elementor-widget elementor-widget-text-editor\" data-id=\"813e25f\" data-element_type=\"widget\" data-e-type=\"widget\" data-widget_type=\"text-editor.default\">\n\t\t\t\t<div class=\"elementor-widget-container\">\n\t\t\t\t\t\t\t\t\t<p><strong>CANADA<\/strong><\/p><p>13-217 avenue L\u00e9onidas S,<br \/>Rimouski, Quebec<br \/>Canada G5L 2T5<\/p><p><a style=\"color: #e00600;\" href=\"https:\/\/maps.app.goo.gl\/J98TDveend2GotBT6\" target=\"_blank\" rel=\"noopener\">Voir la carte<\/a><\/p>\t\t\t\t\t\t\t\t<\/div>\n\t\t\t\t<\/div>\n\t\t\t\t\t<\/div>\n\t\t<\/div>\n\t\t\t\t\t<\/div>\n\t\t<\/section>\n\t\t\t\t<\/div>\n\t\t","protected":false},"excerpt":{"rendered":"<p>Parlez \u00e0 un expert Pr\u00e9parez votre boutique en ligne \u00e0 prendre des commandes d\u00e8s maintenant. La vitesse n\u2019a jamais \u00e9t\u00e9 aussi importante. Nos experts sont l\u00e0 pour vous aider. Remplissez ce formulaire et un de nos experts en commerce \u00e9lectronique communiquera avec vous sous peu : Ce site est prot\u00e9g\u00e9 par reCAPTCHA et les r\u00e8gles de confidentialit\u00e9 et les conditions d&#8217;utilisation de Google s&#8217;appliquent. D\u00e9j\u00e0 client de k-ecommerce? Si vous avez besoin d\u2019aide relativement \u00e0 votre solution\u00a0k-ecommerce, veuillez communiquer avec nous de l\u2019une des fa\u00e7ons suivantes. 1-855-532-6663 support@k-ecommerce.zendesk.com Nos bureaux : CANADA 13-217 avenue L\u00e9onidas S,Rimouski, QuebecCanada G5L 2T5 Voir<\/p>\n","protected":false},"author":1,"featured_media":0,"parent":0,"menu_order":0,"comment_status":"closed","ping_status":"closed","template":"","meta":{"_acf_changed":false,"inline_featured_image":false,"footnotes":""},"class_list":["post-9578","page","type-page","status-publish","hentry"],"acf":[],"_links":{"self":[{"href":"https:\/\/k-ecommerce.com\/fr\/wp-json\/wp\/v2\/pages\/9578","targetHints":{"allow":["GET"]}}],"collection":[{"href":"https:\/\/k-ecommerce.com\/fr\/wp-json\/wp\/v2\/pages"}],"about":[{"href":"https:\/\/k-ecommerce.com\/fr\/wp-json\/wp\/v2\/types\/page"}],"author":[{"embeddable":true,"href":"https:\/\/k-ecommerce.com\/fr\/wp-json\/wp\/v2\/users\/1"}],"replies":[{"embeddable":true,"href":"https:\/\/k-ecommerce.com\/fr\/wp-json\/wp\/v2\/comments?post=9578"}],"version-history":[{"count":6,"href":"https:\/\/k-ecommerce.com\/fr\/wp-json\/wp\/v2\/pages\/9578\/revisions"}],"predecessor-version":[{"id":64531,"href":"https:\/\/k-ecommerce.com\/fr\/wp-json\/wp\/v2\/pages\/9578\/revisions\/64531"}],"wp:attachment":[{"href":"https:\/\/k-ecommerce.com\/fr\/wp-json\/wp\/v2\/media?parent=9578"}],"curies":[{"name":"wp","href":"https:\/\/api.w.org\/{rel}","templated":true}]}}