{"id":9554,"date":"2022-12-08T13:33:47","date_gmt":"2022-12-08T18:33:47","guid":{"rendered":"https:\/\/k-ecommerce.com\/solutions\/kip\/demo"},"modified":"2023-05-08T11:32:30","modified_gmt":"2023-05-08T15:32:30","slug":"demo","status":"publish","type":"page","link":"https:\/\/k-ecommerce.com\/fr\/solutions\/kip\/demo","title":{"rendered":"D\u00e9mo"},"content":{"rendered":"\t\t<div data-elementor-type=\"wp-page\" data-elementor-id=\"9554\" class=\"elementor elementor-9554 elementor-365\" data-elementor-post-type=\"page\">\n\t\t\t\t\t\t<section class=\"elementor-section elementor-top-section elementor-element elementor-element-7b22c93 elementor-section-full_width dots hero overflow elementor-section-height-default elementor-section-height-default\" data-id=\"7b22c93\" data-element_type=\"section\" data-e-type=\"section\" data-settings=\"{&quot;background_background&quot;:&quot;classic&quot;}\">\n\t\t\t\t\t\t\t<div class=\"elementor-background-overlay\"><\/div>\n\t\t\t\t\t\t\t<div class=\"elementor-container elementor-column-gap-no\">\n\t\t\t\t\t<div class=\"elementor-column elementor-col-100 elementor-top-column elementor-element elementor-element-d0279e8\" data-id=\"d0279e8\" data-element_type=\"column\" data-e-type=\"column\">\n\t\t\t<div class=\"elementor-widget-wrap elementor-element-populated\">\n\t\t\t\t\t\t<div class=\"elementor-element elementor-element-2051a80 elementor-widget elementor-widget-hero_page_video\" data-id=\"2051a80\" data-element_type=\"widget\" data-e-type=\"widget\" data-widget_type=\"hero_page_video.default\">\n\t\t\t\t<div class=\"elementor-widget-container\">\n\t\t\t\t\t        <div class=\"container-fluid dots hero overflow dark\">\n            <div class=\"row breadcrumbs-row dark\">\n                <div class=\"col col-12 col-full-left-md col-full-left-lg col-full-left-xl col-full-left-xxl\">\n                    <ul class=\"breadcrumbs\"><\/ul>                <\/div>\n            <\/div>\n            <div class=\"row align-items-center\">\n                <div class=\"col left d-flex flex-column justify-content-center col-12 col-md-6 col-full-left-md col-full-left-lg col-full-left-xl col-full-left-xxl\">\n                <h1>Regardez notre d\u00e9mo<\/h1>\n                <p><span class=\"TextRun SCXW179399185 BCX0\" lang=\"FR-CA\" xml:lang=\"FR-CA\" data-contrast=\"auto\"><span class=\"NormalTextRun SCXW179399185 BCX0\">D\u00e9couvrez comment KIP peut faciliter les paiements et automatiser vos comptes recevables <\/span><\/span><span class=\"TextRun SCXW179399185 BCX0\" lang=\"FR-CA\" xml:lang=\"FR-CA\" data-contrast=\"auto\"><span class=\"NormalTextRun SCXW179399185 BCX0\">gr\u00e2ce \u00e0 un processus simplifi\u00e9 et int\u00e9gr\u00e9 \u00e0 votre ERP.<\/span><\/span><\/p>\n                <\/div>\n                <div class=\"right col col-12 col-md-6\">\n                    <a >\n                        <img decoding=\"async\" data-src=\"https:\/\/k-ecommerce.com\/wp-content\/uploads\/2023\/01\/banner-KIP-laptop-round.png\" alt=\"banner-KIP-laptop-round\" src=\"data:image\/svg+xml;base64,PHN2ZyB3aWR0aD0iMSIgaGVpZ2h0PSIxIiB4bWxucz0iaHR0cDovL3d3dy53My5vcmcvMjAwMC9zdmciPjwvc3ZnPg==\" class=\"lazyload\" style=\"--smush-placeholder-width: 1909px; --smush-placeholder-aspect-ratio: 1909\/1197;\">\n                    <\/a>\n                <\/div>\n            <\/div>\n        <\/div>\n    \t\t\t\t<\/div>\n\t\t\t\t<\/div>\n\t\t\t\t\t<\/div>\n\t\t<\/div>\n\t\t\t\t\t<\/div>\n\t\t<\/section>\n\t\t\t\t<section class=\"elementor-section elementor-top-section elementor-element elementor-element-0d163ba elementor-section-content-middle elementor-section-boxed elementor-section-height-default elementor-section-height-default\" data-id=\"0d163ba\" data-element_type=\"section\" data-e-type=\"section\">\n\t\t\t\t\t\t<div class=\"elementor-container elementor-column-gap-default\">\n\t\t\t\t\t<div class=\"elementor-column elementor-col-33 elementor-top-column elementor-element elementor-element-8cb7ec7\" data-id=\"8cb7ec7\" data-element_type=\"column\" data-e-type=\"column\">\n\t\t\t<div class=\"elementor-widget-wrap elementor-element-populated\">\n\t\t\t\t\t\t<div class=\"elementor-element elementor-element-3080bee elementor-widget__width-initial elementor-widget elementor-widget-heading\" data-id=\"3080bee\" data-element_type=\"widget\" data-e-type=\"widget\" data-widget_type=\"heading.default\">\n\t\t\t\t<div class=\"elementor-widget-container\">\n\t\t\t\t\t<h2 class=\"elementor-heading-title elementor-size-default\">Voir KIP en action<\/h2>\t\t\t\t<\/div>\n\t\t\t\t<\/div>\n\t\t\t\t<div class=\"elementor-element elementor-element-a4e51dc elementor-widget__width-initial elementor-widget elementor-widget-text-editor\" data-id=\"a4e51dc\" data-element_type=\"widget\" data-e-type=\"widget\" data-widget_type=\"text-editor.default\">\n\t\t\t\t<div class=\"elementor-widget-container\">\n\t\t\t\t\t\t\t\t\t<p><span class=\"TextRun SCXW234587991 BCX0\" lang=\"FR-FR\" xml:lang=\"FR-FR\" data-contrast=\"auto\"><span class=\"NormalTextRun SCXW234587991 BCX0\">Cette d\u00e9mo <\/span><span class=\"NormalTextRun SCXW234587991 BCX0\">couvrira<\/span><span class=\"NormalTextRun SCXW234587991 BCX0\">\u202f:<\/span><\/span><\/p><ul><li data-leveltext=\"\uf0b7\" data-font=\"Symbol\" data-listid=\"83\" data-list-defn-props=\"{&quot;335552541&quot;:1,&quot;335559684&quot;:-2,&quot;335559685&quot;:720,&quot;335559991&quot;:360,&quot;469769226&quot;:&quot;Symbol&quot;,&quot;469769242&quot;:[8226],&quot;469777803&quot;:&quot;left&quot;,&quot;469777804&quot;:&quot;\uf0b7&quot;,&quot;469777815&quot;:&quot;hybridMultilevel&quot;}\" aria-setsize=\"-1\" data-aria-posinset=\"1\" data-aria-level=\"1\"><span data-contrast=\"auto\">La simplicit\u00e9 avec laquelle notre portail de paiement aidera vos clients \u00e0 consulter leurs informations de compte, leurs commandes, factures et relev\u00e9s<\/span><span data-ccp-props=\"{&quot;201341983&quot;:0,&quot;335559740&quot;:259}\">\u00a0<\/span><\/li><li data-leveltext=\"\uf0b7\" data-font=\"Symbol\" data-listid=\"83\" data-list-defn-props=\"{&quot;335552541&quot;:1,&quot;335559684&quot;:-2,&quot;335559685&quot;:720,&quot;335559991&quot;:360,&quot;469769226&quot;:&quot;Symbol&quot;,&quot;469769242&quot;:[8226],&quot;469777803&quot;:&quot;left&quot;,&quot;469777804&quot;:&quot;\uf0b7&quot;,&quot;469777815&quot;:&quot;hybridMultilevel&quot;}\" aria-setsize=\"-1\" data-aria-posinset=\"2\" data-aria-level=\"1\"><span data-contrast=\"auto\">La fa\u00e7on dont notre extension de paiement saisira les paiements directement sur les documents de vente dans l&#8217;ERP et g\u00e9n\u00e9rera des rapports de transaction d\u00e9taill\u00e9s<\/span><span data-ccp-props=\"{&quot;201341983&quot;:0,&quot;335559740&quot;:259}\">\u00a0<\/span><\/li><li data-leveltext=\"\uf0b7\" data-font=\"Symbol\" data-listid=\"83\" data-list-defn-props=\"{&quot;335552541&quot;:1,&quot;335559684&quot;:-2,&quot;335559685&quot;:720,&quot;335559991&quot;:360,&quot;469769226&quot;:&quot;Symbol&quot;,&quot;469769242&quot;:[8226],&quot;469777803&quot;:&quot;left&quot;,&quot;469777804&quot;:&quot;\uf0b7&quot;,&quot;469777815&quot;:&quot;hybridMultilevel&quot;}\" aria-setsize=\"-1\" data-aria-posinset=\"3\" data-aria-level=\"1\"><span data-contrast=\"auto\">La transparence de l&#8217;int\u00e9gration native \u00e0 Microsoft Dynamics 365 Business Central et Dynamics GP<\/span><span data-ccp-props=\"{&quot;201341983&quot;:0,&quot;335559740&quot;:259}\">\u00a0<\/span><\/li><\/ul>\t\t\t\t\t\t\t\t<\/div>\n\t\t\t\t<\/div>\n\t\t\t\t<div class=\"elementor-element elementor-element-83c3ec8 elementor-widget elementor-widget-image\" data-id=\"83c3ec8\" data-element_type=\"widget\" data-e-type=\"widget\" data-widget_type=\"image.default\">\n\t\t\t\t<div class=\"elementor-widget-container\">\n\t\t\t\t\t\t\t\t\t\t\t\t\t\t\t<img decoding=\"async\" width=\"300\" height=\"93\" data-src=\"https:\/\/k-ecommerce.com\/wp-content\/uploads\/2023\/02\/logo-microsoft-gold-partner-300x93.png\" class=\"attachment-medium size-medium wp-image-11405 lazyload\" alt=\"\" data-srcset=\"https:\/\/k-ecommerce.com\/wp-content\/uploads\/2023\/02\/logo-microsoft-gold-partner-300x93.png 300w, https:\/\/k-ecommerce.com\/wp-content\/uploads\/2023\/02\/logo-microsoft-gold-partner-600x187.png 600w, https:\/\/k-ecommerce.com\/wp-content\/uploads\/2023\/02\/logo-microsoft-gold-partner-500x156.png 500w, https:\/\/k-ecommerce.com\/wp-content\/uploads\/2023\/02\/logo-microsoft-gold-partner.png 665w\" data-sizes=\"(max-width: 300px) 100vw, 300px\" src=\"data:image\/svg+xml;base64,PHN2ZyB3aWR0aD0iMSIgaGVpZ2h0PSIxIiB4bWxucz0iaHR0cDovL3d3dy53My5vcmcvMjAwMC9zdmciPjwvc3ZnPg==\" style=\"--smush-placeholder-width: 300px; --smush-placeholder-aspect-ratio: 300\/93;\" \/>\t\t\t\t\t\t\t\t\t\t\t\t\t\t\t<\/div>\n\t\t\t\t<\/div>\n\t\t\t\t\t<\/div>\n\t\t<\/div>\n\t\t\t\t<div class=\"elementor-column elementor-col-33 elementor-top-column elementor-element elementor-element-363f143\" data-id=\"363f143\" data-element_type=\"column\" data-e-type=\"column\">\n\t\t\t<div class=\"elementor-widget-wrap\">\n\t\t\t\t\t\t\t<\/div>\n\t\t<\/div>\n\t\t\t\t<div class=\"elementor-column elementor-col-33 elementor-top-column elementor-element elementor-element-22ded6b\" data-id=\"22ded6b\" data-element_type=\"column\" data-e-type=\"column\">\n\t\t\t<div class=\"elementor-widget-wrap elementor-element-populated\">\n\t\t\t\t\t\t<div class=\"elementor-element elementor-element-875b195 elementor-widget elementor-widget-html\" data-id=\"875b195\" data-element_type=\"widget\" data-e-type=\"widget\" data-widget_type=\"html.default\">\n\t\t\t\t<div class=\"elementor-widget-container\">\n\t\t\t\t\t<script>\n  hbspt.forms.create({\n    region: \"na1\",\n    portalId: \"7364244\",\n    formId: \"5d7425be-e131-4842-aa05-64675ba11d81\"\n  });\n<\/script>\t\t\t\t<\/div>\n\t\t\t\t<\/div>\n\t\t\t\t\t<\/div>\n\t\t<\/div>\n\t\t\t\t\t<\/div>\n\t\t<\/section>\n\t\t\t\t<\/div>\n\t\t","protected":false},"excerpt":{"rendered":"<p>Regardez notre d\u00e9mo D\u00e9couvrez comment KIP peut faciliter les paiements et automatiser vos comptes recevables gr\u00e2ce \u00e0 un processus simplifi\u00e9 et int\u00e9gr\u00e9 \u00e0 votre ERP. Voir KIP en action Cette d\u00e9mo couvrira\u202f: La simplicit\u00e9 avec laquelle notre portail de paiement aidera vos clients \u00e0 consulter leurs informations de compte, leurs commandes, factures et relev\u00e9s\u00a0 La fa\u00e7on dont notre extension de paiement saisira les paiements directement sur les documents de vente dans l&#8217;ERP et g\u00e9n\u00e9rera des rapports de transaction d\u00e9taill\u00e9s\u00a0 La transparence de l&#8217;int\u00e9gration native \u00e0 Microsoft Dynamics 365 Business Central et Dynamics GP\u00a0<\/p>\n","protected":false},"author":1,"featured_media":0,"parent":9533,"menu_order":0,"comment_status":"closed","ping_status":"closed","template":"","meta":{"_acf_changed":false,"inline_featured_image":false,"footnotes":""},"class_list":["post-9554","page","type-page","status-publish","hentry"],"acf":[],"_links":{"self":[{"href":"https:\/\/k-ecommerce.com\/fr\/wp-json\/wp\/v2\/pages\/9554","targetHints":{"allow":["GET"]}}],"collection":[{"href":"https:\/\/k-ecommerce.com\/fr\/wp-json\/wp\/v2\/pages"}],"about":[{"href":"https:\/\/k-ecommerce.com\/fr\/wp-json\/wp\/v2\/types\/page"}],"author":[{"embeddable":true,"href":"https:\/\/k-ecommerce.com\/fr\/wp-json\/wp\/v2\/users\/1"}],"replies":[{"embeddable":true,"href":"https:\/\/k-ecommerce.com\/fr\/wp-json\/wp\/v2\/comments?post=9554"}],"version-history":[{"count":0,"href":"https:\/\/k-ecommerce.com\/fr\/wp-json\/wp\/v2\/pages\/9554\/revisions"}],"up":[{"embeddable":true,"href":"https:\/\/k-ecommerce.com\/fr\/wp-json\/wp\/v2\/pages\/9533"}],"wp:attachment":[{"href":"https:\/\/k-ecommerce.com\/fr\/wp-json\/wp\/v2\/media?parent=9554"}],"curies":[{"name":"wp","href":"https:\/\/api.w.org\/{rel}","templated":true}]}}