{"id":36110,"date":"2023-07-10T13:49:08","date_gmt":"2023-07-10T17:49:08","guid":{"rendered":"https:\/\/k-ecommerce.com\/?page_id=36110"},"modified":"2023-11-15T13:49:28","modified_gmt":"2023-11-15T18:49:28","slug":"demo-acumatica","status":"publish","type":"page","link":"https:\/\/k-ecommerce.com\/fr\/solutions\/k-ecom\/demo-acumatica","title":{"rendered":"Demo Acumatica"},"content":{"rendered":"\t\t<div data-elementor-type=\"wp-page\" data-elementor-id=\"36110\" class=\"elementor elementor-36110 elementor-23701\" data-elementor-post-type=\"page\">\n\t\t\t\t\t\t<section class=\"elementor-section elementor-top-section elementor-element elementor-element-9c19626 elementor-section-full_width elementor-section-height-default elementor-section-height-default\" data-id=\"9c19626\" data-element_type=\"section\" data-e-type=\"section\">\n\t\t\t\t\t\t<div class=\"elementor-container elementor-column-gap-no\">\n\t\t\t\t\t<div class=\"elementor-column elementor-col-100 elementor-top-column elementor-element elementor-element-8edcf35\" data-id=\"8edcf35\" data-element_type=\"column\" data-e-type=\"column\">\n\t\t\t<div class=\"elementor-widget-wrap elementor-element-populated\">\n\t\t\t\t\t\t<div class=\"elementor-element elementor-element-040f3a9 elementor-widget elementor-widget-hero_page_video\" data-id=\"040f3a9\" data-element_type=\"widget\" data-e-type=\"widget\" data-widget_type=\"hero_page_video.default\">\n\t\t\t\t<div class=\"elementor-widget-container\">\n\t\t\t\t\t        <div class=\"container-fluid dots hero overflow dark\">\n            <div class=\"row breadcrumbs-row dark\">\n                <div class=\"col col-12 col-full-left-md col-full-left-lg col-full-left-xl col-full-left-xxl\">\n                    <ul class=\"breadcrumbs\"><\/ul>                <\/div>\n            <\/div>\n            <div class=\"row align-items-center\">\n                <div class=\"col left d-flex flex-column justify-content-center col-12 col-md-6 col-full-left-md col-full-left-lg col-full-left-xl col-full-left-xxl\">\n                <h1>Regardez notre d\u00e9mo maintenant<\/h1>\n                <p>D\u00e9couvrez comment K.ecom peut acc\u00e9l\u00e9rer votre croissance en ligne et am\u00e9liorer l'exp\u00e9rience client.\u00a0<\/p>\n<p><img decoding=\"async\" class=\"alignnone wp-image-17470 lazyload\" style=\"--smush-placeholder-width: 226px; --smush-placeholder-aspect-ratio: 226\/43;padding-top: 10px;\" data-src=\"https:\/\/k-ecommerce.com\/wp-content\/uploads\/2023\/03\/Acumatica-Logo-white-300x51.png\" alt=\"\" width=\"226\" height=\"43\" src=\"data:image\/svg+xml;base64,PHN2ZyB3aWR0aD0iMSIgaGVpZ2h0PSIxIiB4bWxucz0iaHR0cDovL3d3dy53My5vcmcvMjAwMC9zdmciPjwvc3ZnPg==\" \/><\/p>\n                <\/div>\n                <div class=\"right col col-12 col-md-6\">\n                    <a >\n                        <img decoding=\"async\" data-src=\"https:\/\/k-ecommerce.com\/wp-content\/uploads\/2023\/07\/banner-ACU-laptop-round.png\" alt=\"banner-ACU-laptop-round\" src=\"data:image\/svg+xml;base64,PHN2ZyB3aWR0aD0iMSIgaGVpZ2h0PSIxIiB4bWxucz0iaHR0cDovL3d3dy53My5vcmcvMjAwMC9zdmciPjwvc3ZnPg==\" class=\"lazyload\" style=\"--smush-placeholder-width: 1909px; --smush-placeholder-aspect-ratio: 1909\/1197;\">\n                    <\/a>\n                <\/div>\n            <\/div>\n        <\/div>\n    \t\t\t\t<\/div>\n\t\t\t\t<\/div>\n\t\t\t\t\t<\/div>\n\t\t<\/div>\n\t\t\t\t\t<\/div>\n\t\t<\/section>\n\t\t\t\t<section class=\"elementor-section elementor-top-section elementor-element elementor-element-624869ad elementor-section-boxed elementor-section-height-default elementor-section-height-default\" data-id=\"624869ad\" data-element_type=\"section\" data-e-type=\"section\" data-settings=\"{&quot;background_background&quot;:&quot;classic&quot;}\">\n\t\t\t\t\t\t<div class=\"elementor-container elementor-column-gap-default\">\n\t\t\t\t\t<div class=\"elementor-column elementor-col-50 elementor-top-column elementor-element elementor-element-683d6b6a elementor-invisible\" data-id=\"683d6b6a\" data-element_type=\"column\" data-e-type=\"column\" data-settings=\"{&quot;animation&quot;:&quot;slideInLeft&quot;}\">\n\t\t\t<div class=\"elementor-widget-wrap elementor-element-populated\">\n\t\t\t\t\t\t<div class=\"elementor-element elementor-element-366dee67 elementor-widget elementor-widget-heading\" data-id=\"366dee67\" data-element_type=\"widget\" data-e-type=\"widget\" data-widget_type=\"heading.default\">\n\t\t\t\t<div class=\"elementor-widget-container\">\n\t\t\t\t\t<h2 class=\"elementor-heading-title elementor-size-default\">Voyez K.ecom en action<\/h2>\t\t\t\t<\/div>\n\t\t\t\t<\/div>\n\t\t\t\t<div class=\"elementor-element elementor-element-70b4aa72 elementor-widget elementor-widget-text-editor\" data-id=\"70b4aa72\" data-element_type=\"widget\" data-e-type=\"widget\" data-widget_type=\"text-editor.default\">\n\t\t\t\t<div class=\"elementor-widget-container\">\n\t\t\t\t\t\t\t\t\tCette d\u00e9mo couvrira\u202f:\n<ul>\n \t<li>L&#8217;int\u00e9gration native avec Acumatica<\/li>\n \t<li>Le catalogue de produits multim\u00e9dia<\/li>\n \t<li>La gestion de contenu convivial<\/li>\n \t<li>L&#8217;h\u00e9bergement en nuage priv\u00e9 certifi\u00e9 PCI<\/li>\n<\/ul>\nFaites cro\u00eetre votre entreprise B2B, D2C ou B2C en ligne avec une plateforme de commerce \u00e9lectronique reconnue dans l\u2019industrie.\n\n<p style=\"font-size: 14px; padding-top:12px;\">*\u00c0 noter que la vid\u00e9o n&#8217;est disponible qu&#8217;en anglais pour l&#8217;instant, la version fran\u00e7aise sera disponible sous peu.<\/p>\t\t\t\t\t\t\t\t<\/div>\n\t\t\t\t<\/div>\n\t\t\t\t<div class=\"elementor-element elementor-element-2d230a9 elementor-widget elementor-widget-image\" data-id=\"2d230a9\" data-element_type=\"widget\" data-e-type=\"widget\" data-widget_type=\"image.default\">\n\t\t\t\t<div class=\"elementor-widget-container\">\n\t\t\t\t\t\t\t\t\t\t\t\t\t\t\t<img decoding=\"async\" width=\"300\" height=\"93\" data-src=\"https:\/\/k-ecommerce.com\/wp-content\/uploads\/2023\/02\/logo-microsoft-gold-partner-300x93.png\" class=\"attachment-medium size-medium wp-image-11405 lazyload\" alt=\"\" data-srcset=\"https:\/\/k-ecommerce.com\/wp-content\/uploads\/2023\/02\/logo-microsoft-gold-partner-300x93.png 300w, https:\/\/k-ecommerce.com\/wp-content\/uploads\/2023\/02\/logo-microsoft-gold-partner-600x187.png 600w, https:\/\/k-ecommerce.com\/wp-content\/uploads\/2023\/02\/logo-microsoft-gold-partner-500x156.png 500w, https:\/\/k-ecommerce.com\/wp-content\/uploads\/2023\/02\/logo-microsoft-gold-partner.png 665w\" data-sizes=\"(max-width: 300px) 100vw, 300px\" src=\"data:image\/svg+xml;base64,PHN2ZyB3aWR0aD0iMSIgaGVpZ2h0PSIxIiB4bWxucz0iaHR0cDovL3d3dy53My5vcmcvMjAwMC9zdmciPjwvc3ZnPg==\" style=\"--smush-placeholder-width: 300px; --smush-placeholder-aspect-ratio: 300\/93;\" \/>\t\t\t\t\t\t\t\t\t\t\t\t\t\t\t<\/div>\n\t\t\t\t<\/div>\n\t\t\t\t<div class=\"elementor-element elementor-element-e473c49 elementor-widget elementor-widget-image\" data-id=\"e473c49\" data-element_type=\"widget\" data-e-type=\"widget\" data-widget_type=\"image.default\">\n\t\t\t\t<div class=\"elementor-widget-container\">\n\t\t\t\t\t\t\t\t\t\t\t\t\t\t\t<img decoding=\"async\" width=\"300\" height=\"51\" data-src=\"https:\/\/k-ecommerce.com\/wp-content\/uploads\/2023\/01\/Acumatica-Logo-light-300x51.png\" class=\"attachment-medium size-medium wp-image-4185 lazyload\" alt=\"\" data-srcset=\"https:\/\/k-ecommerce.com\/wp-content\/uploads\/2023\/01\/Acumatica-Logo-light-300x51.png 300w, https:\/\/k-ecommerce.com\/wp-content\/uploads\/2023\/01\/Acumatica-Logo-light-768x131.png 768w, https:\/\/k-ecommerce.com\/wp-content\/uploads\/2023\/01\/Acumatica-Logo-light-600x102.png 600w, https:\/\/k-ecommerce.com\/wp-content\/uploads\/2023\/01\/Acumatica-Logo-light-500x85.png 500w, https:\/\/k-ecommerce.com\/wp-content\/uploads\/2023\/01\/Acumatica-Logo-light.png 900w\" data-sizes=\"(max-width: 300px) 100vw, 300px\" src=\"data:image\/svg+xml;base64,PHN2ZyB3aWR0aD0iMSIgaGVpZ2h0PSIxIiB4bWxucz0iaHR0cDovL3d3dy53My5vcmcvMjAwMC9zdmciPjwvc3ZnPg==\" style=\"--smush-placeholder-width: 300px; --smush-placeholder-aspect-ratio: 300\/51;\" \/>\t\t\t\t\t\t\t\t\t\t\t\t\t\t\t<\/div>\n\t\t\t\t<\/div>\n\t\t\t\t<div class=\"elementor-element elementor-element-a46b5d8 elementor-widget elementor-widget-image\" data-id=\"a46b5d8\" data-element_type=\"widget\" data-e-type=\"widget\" data-widget_type=\"image.default\">\n\t\t\t\t<div class=\"elementor-widget-container\">\n\t\t\t\t\t\t\t\t\t\t\t\t\t\t\t<img decoding=\"async\" width=\"225\" height=\"132\" data-src=\"https:\/\/k-ecommerce.com\/wp-content\/uploads\/2023\/01\/SAP-partner-225.png\" class=\"attachment-medium size-medium wp-image-4191 lazyload\" alt=\"\" src=\"data:image\/svg+xml;base64,PHN2ZyB3aWR0aD0iMSIgaGVpZ2h0PSIxIiB4bWxucz0iaHR0cDovL3d3dy53My5vcmcvMjAwMC9zdmciPjwvc3ZnPg==\" style=\"--smush-placeholder-width: 225px; --smush-placeholder-aspect-ratio: 225\/132;\" \/>\t\t\t\t\t\t\t\t\t\t\t\t\t\t\t<\/div>\n\t\t\t\t<\/div>\n\t\t\t\t\t<\/div>\n\t\t<\/div>\n\t\t\t\t<div class=\"elementor-column elementor-col-50 elementor-top-column elementor-element elementor-element-231bf720 elementor-invisible\" data-id=\"231bf720\" data-element_type=\"column\" data-e-type=\"column\" data-settings=\"{&quot;animation&quot;:&quot;slideInRight&quot;}\">\n\t\t\t<div class=\"elementor-widget-wrap elementor-element-populated\">\n\t\t\t\t\t\t<div class=\"elementor-element elementor-element-66bb730 elementor-widget elementor-widget-html\" data-id=\"66bb730\" data-element_type=\"widget\" data-e-type=\"widget\" data-widget_type=\"html.default\">\n\t\t\t\t<div class=\"elementor-widget-container\">\n\t\t\t\t\t<script>\n  hbspt.forms.create({\n    region: \"na1\",\n    portalId: \"7364244\",\n    formId: \"c75ca3fe-5319-47fd-ade8-48e54db7be25\"\n  });\n<\/script>\t\t\t\t<\/div>\n\t\t\t\t<\/div>\n\t\t\t\t\t<\/div>\n\t\t<\/div>\n\t\t\t\t\t<\/div>\n\t\t<\/section>\n\t\t\t\t<\/div>\n\t\t","protected":false},"excerpt":{"rendered":"<p>Regardez notre d\u00e9mo maintenant D\u00e9couvrez comment K.ecom peut acc\u00e9l\u00e9rer votre croissance en ligne et am\u00e9liorer l&#8217;exp\u00e9rience client.\u00a0 Voyez K.ecom en action Cette d\u00e9mo couvrira\u202f: L&#8217;int\u00e9gration native avec Acumatica Le catalogue de produits multim\u00e9dia La gestion de contenu convivial L&#8217;h\u00e9bergement en nuage priv\u00e9 certifi\u00e9 PCI Faites cro\u00eetre votre entreprise B2B, D2C ou B2C en ligne avec une plateforme de commerce \u00e9lectronique reconnue dans l\u2019industrie. *\u00c0 noter que la vid\u00e9o n&#8217;est disponible qu&#8217;en anglais pour l&#8217;instant, la version fran\u00e7aise sera disponible sous peu.<\/p>\n","protected":false},"author":2,"featured_media":0,"parent":9358,"menu_order":0,"comment_status":"closed","ping_status":"closed","template":"","meta":{"_acf_changed":false,"inline_featured_image":false,"footnotes":""},"class_list":["post-36110","page","type-page","status-publish","hentry"],"acf":[],"_links":{"self":[{"href":"https:\/\/k-ecommerce.com\/fr\/wp-json\/wp\/v2\/pages\/36110","targetHints":{"allow":["GET"]}}],"collection":[{"href":"https:\/\/k-ecommerce.com\/fr\/wp-json\/wp\/v2\/pages"}],"about":[{"href":"https:\/\/k-ecommerce.com\/fr\/wp-json\/wp\/v2\/types\/page"}],"author":[{"embeddable":true,"href":"https:\/\/k-ecommerce.com\/fr\/wp-json\/wp\/v2\/users\/2"}],"replies":[{"embeddable":true,"href":"https:\/\/k-ecommerce.com\/fr\/wp-json\/wp\/v2\/comments?post=36110"}],"version-history":[{"count":0,"href":"https:\/\/k-ecommerce.com\/fr\/wp-json\/wp\/v2\/pages\/36110\/revisions"}],"up":[{"embeddable":true,"href":"https:\/\/k-ecommerce.com\/fr\/wp-json\/wp\/v2\/pages\/9358"}],"wp:attachment":[{"href":"https:\/\/k-ecommerce.com\/fr\/wp-json\/wp\/v2\/media?parent=36110"}],"curies":[{"name":"wp","href":"https:\/\/api.w.org\/{rel}","templated":true}]}}