{"id":22181,"date":"2023-05-25T15:14:21","date_gmt":"2023-05-25T19:14:21","guid":{"rendered":"https:\/\/k-ecommerce.com\/?page_id=22181"},"modified":"2023-12-03T10:33:05","modified_gmt":"2023-12-03T15:33:05","slug":"kecom-evaluation-rci","status":"publish","type":"page","link":"https:\/\/k-ecommerce.com\/fr\/kecom-evaluation-rci","title":{"rendered":"\u00c9valuation RCI"},"content":{"rendered":"\t\t<div data-elementor-type=\"wp-page\" data-elementor-id=\"22181\" class=\"elementor elementor-22181 elementor-21915\" data-elementor-post-type=\"page\">\n\t\t\t\t\t\t<section class=\"elementor-section elementor-top-section elementor-element elementor-element-07ee5a0 elementor-section-boxed elementor-section-height-default elementor-section-height-default\" data-id=\"07ee5a0\" data-element_type=\"section\" data-e-type=\"section\" data-settings=\"{&quot;background_background&quot;:&quot;classic&quot;}\">\n\t\t\t\t\t\t\t<div class=\"elementor-background-overlay\"><\/div>\n\t\t\t\t\t\t\t<div class=\"elementor-container elementor-column-gap-default\">\n\t\t\t\t\t<div class=\"elementor-column elementor-col-50 elementor-top-column elementor-element elementor-element-ba12944\" data-id=\"ba12944\" data-element_type=\"column\" data-e-type=\"column\">\n\t\t\t<div class=\"elementor-widget-wrap elementor-element-populated\">\n\t\t\t\t\t\t<div class=\"elementor-element elementor-element-8a48627 elementor-widget elementor-widget-heading\" data-id=\"8a48627\" data-element_type=\"widget\" data-e-type=\"widget\" data-widget_type=\"heading.default\">\n\t\t\t\t<div class=\"elementor-widget-container\">\n\t\t\t\t\t<h1 class=\"elementor-heading-title elementor-size-default\">\u00c9valuation du rendement du capital investi (RCI)<\/h1>\t\t\t\t<\/div>\n\t\t\t\t<\/div>\n\t\t\t\t\t<\/div>\n\t\t<\/div>\n\t\t\t\t<div class=\"elementor-column elementor-col-50 elementor-top-column elementor-element elementor-element-2a24758\" data-id=\"2a24758\" data-element_type=\"column\" data-e-type=\"column\">\n\t\t\t<div class=\"elementor-widget-wrap\">\n\t\t\t\t\t\t\t<\/div>\n\t\t<\/div>\n\t\t\t\t\t<\/div>\n\t\t<\/section>\n\t\t\t\t<section class=\"elementor-section elementor-top-section elementor-element elementor-element-846fe09 elementor-section-boxed elementor-section-height-default elementor-section-height-default\" data-id=\"846fe09\" data-element_type=\"section\" data-e-type=\"section\">\n\t\t\t\t\t\t<div class=\"elementor-container elementor-column-gap-default\">\n\t\t\t\t\t<div class=\"elementor-column elementor-col-66 elementor-top-column elementor-element elementor-element-3ebd6b3\" data-id=\"3ebd6b3\" data-element_type=\"column\" data-e-type=\"column\">\n\t\t\t<div class=\"elementor-widget-wrap elementor-element-populated\">\n\t\t\t\t\t\t<div class=\"elementor-element elementor-element-ac27b52 elementor-widget elementor-widget-heading\" data-id=\"ac27b52\" data-element_type=\"widget\" data-e-type=\"widget\" data-widget_type=\"heading.default\">\n\t\t\t\t<div class=\"elementor-widget-container\">\n\t\t\t\t\t<h2 class=\"elementor-heading-title elementor-size-default\">Le commerce \u00e9lectronique int\u00e9gr\u00e9 \u00e0 l'ERP profitera-t-il \u00e0 mon entreprise ?<\/h2>\t\t\t\t<\/div>\n\t\t\t\t<\/div>\n\t\t\t\t<div class=\"elementor-element elementor-element-ede0d0a elementor-widget elementor-widget-text-editor\" data-id=\"ede0d0a\" data-element_type=\"widget\" data-e-type=\"widget\" data-widget_type=\"text-editor.default\">\n\t\t\t\t<div class=\"elementor-widget-container\">\n\t\t\t\t\t\t\t\t\t<p><span class=\"TextRun SCXW163936105 BCX4\" lang=\"EN-GB\" xml:lang=\"EN-GB\" data-contrast=\"auto\"><span class=\"NormalTextRun SCXW163936105 BCX4\">La mise <\/span><span class=\"NormalTextRun SpellingErrorV2Themed SCXW163936105 BCX4\">en<\/span><span class=\"NormalTextRun SCXW163936105 BCX4\"> place <\/span><span class=\"NormalTextRun SpellingErrorV2Themed SpellingErrorHighlight SCXW163936105 BCX4\">d&#8217;une<\/span><span class=\"NormalTextRun SCXW163936105 BCX4\"> solution de commerce <\/span><span class=\"NormalTextRun SpellingErrorV2Themed SCXW163936105 BCX4\">\u00e9lectronique<\/span> <span class=\"NormalTextRun SpellingErrorV2Themed SCXW163936105 BCX4\">peut<\/span> <span class=\"NormalTextRun SpellingErrorV2Themed SCXW163936105 BCX4\">sembler<\/span> <span class=\"NormalTextRun SpellingErrorV2Themed SCXW163936105 BCX4\">complexe<\/span><span class=\"NormalTextRun SCXW163936105 BCX4\">, longue et <\/span><span class=\"NormalTextRun SpellingErrorV2Themed SCXW163936105 BCX4\">potentiellement<\/span> <span class=\"NormalTextRun SpellingErrorV2Themed SCXW163936105 BCX4\">co\u00fbteuse<\/span><span class=\"NormalTextRun SCXW163936105 BCX4\">. Pour <\/span><span class=\"NormalTextRun SpellingErrorV2Themed SCXW163936105 BCX4\">avoir<\/span> <span class=\"NormalTextRun SpellingErrorV2Themed SCXW163936105 BCX4\">une<\/span><span class=\"NormalTextRun SCXW163936105 BCX4\"> id\u00e9e <\/span><span class=\"NormalTextRun SpellingErrorV2Themed SCXW163936105 BCX4\">pr\u00e9cise<\/span><span class=\"NormalTextRun SCXW163936105 BCX4\"> du <\/span><span class=\"NormalTextRun SpellingErrorV2Themed SCXW163936105 BCX4\">co\u00fbt<\/span> <span class=\"NormalTextRun SpellingErrorV2Themed SCXW163936105 BCX4\">r\u00e9el<\/span><span class=\"NormalTextRun SCXW163936105 BCX4\"> &#8211; et pour <\/span><span class=\"NormalTextRun SpellingErrorV2Themed SCXW163936105 BCX4\">\u00e9valuer<\/span> <span class=\"NormalTextRun SpellingErrorV2Themed SCXW163936105 BCX4\">l&#8217;opportunit\u00e9<\/span> <span class=\"NormalTextRun SpellingErrorV2Themed SCXW163936105 BCX4\">r\u00e9elle<\/span><span class=\"NormalTextRun SCXW163936105 BCX4\"> &#8211; <\/span><span class=\"NormalTextRun SpellingErrorV2Themed SCXW163936105 BCX4\">vous<\/span> <span class=\"NormalTextRun SpellingErrorV2Themed SCXW163936105 BCX4\">devez<\/span><span class=\"NormalTextRun SCXW163936105 BCX4\"> prendre <\/span><span class=\"NormalTextRun SpellingErrorV2Themed SCXW163936105 BCX4\">en<\/span> <span class=\"NormalTextRun SpellingErrorV2Themed SCXW163936105 BCX4\">compte<\/span><span class=\"NormalTextRun SCXW163936105 BCX4\"> le retour sur <\/span><span class=\"NormalTextRun SpellingErrorV2Themed SCXW163936105 BCX4\">investissement<\/span><span class=\"NormalTextRun SCXW163936105 BCX4\"> (RCI) d&#8217;un <\/span><span class=\"NormalTextRun SpellingErrorV2Themed SCXW163936105 BCX4\">tel<\/span> <span class=\"NormalTextRun SpellingErrorV2Themed SCXW163936105 BCX4\">projet<\/span><span class=\"NormalTextRun SCXW163936105 BCX4\">.<\/span><\/span><span class=\"EOP SCXW163936105 BCX4\" data-ccp-props=\"{&quot;201341983&quot;:0,&quot;335559739&quot;:0,&quot;335559740&quot;:240}\">\u00a0<\/span><\/p>\t\t\t\t\t\t\t\t<\/div>\n\t\t\t\t<\/div>\n\t\t\t\t<div class=\"elementor-element elementor-element-e57751f elementor-widget elementor-widget-text-editor\" data-id=\"e57751f\" data-element_type=\"widget\" data-e-type=\"widget\" data-widget_type=\"text-editor.default\">\n\t\t\t\t<div class=\"elementor-widget-container\">\n\t\t\t\t\t\t\t\t\t<p aria-level=\"3\"><span data-contrast=\"none\">Imaginez faire un investissement qui vous permet de :<\/span><span data-ccp-props=\"{&quot;134245418&quot;:true,&quot;134245529&quot;:true,&quot;201341983&quot;:0,&quot;335559738&quot;:40,&quot;335559739&quot;:0,&quot;335559740&quot;:259}\">\u00a0<\/span><\/p><ul><li data-leveltext=\"\uf0b7\" data-font=\"Symbol\" data-listid=\"4\" data-list-defn-props=\"{&quot;335552541&quot;:1,&quot;335559684&quot;:-2,&quot;335559685&quot;:720,&quot;335559991&quot;:360,&quot;469769226&quot;:&quot;Symbol&quot;,&quot;469769242&quot;:[8226],&quot;469777803&quot;:&quot;left&quot;,&quot;469777804&quot;:&quot;\uf0b7&quot;,&quot;469777815&quot;:&quot;hybridMultilevel&quot;}\" aria-setsize=\"-1\" data-aria-posinset=\"1\" data-aria-level=\"1\"><span data-contrast=\"auto\">Offrir \u00e0 vos clients un acc\u00e8s aux produits, aux prix et aux informations de compte 24 heures sur 24 et 7 jours sur 7<\/span><span data-ccp-props=\"{&quot;201341983&quot;:0,&quot;335559739&quot;:160,&quot;335559740&quot;:259}\">\u00a0<\/span><\/li><li data-leveltext=\"\uf0b7\" data-font=\"Symbol\" data-listid=\"4\" data-list-defn-props=\"{&quot;335552541&quot;:1,&quot;335559684&quot;:-2,&quot;335559685&quot;:720,&quot;335559991&quot;:360,&quot;469769226&quot;:&quot;Symbol&quot;,&quot;469769242&quot;:[8226],&quot;469777803&quot;:&quot;left&quot;,&quot;469777804&quot;:&quot;\uf0b7&quot;,&quot;469777815&quot;:&quot;hybridMultilevel&quot;}\" aria-setsize=\"-1\" data-aria-posinset=\"2\" data-aria-level=\"1\"><span data-contrast=\"auto\">Proposer des produits compl\u00e9mentaires, vendre en compl\u00e9ment et relancer les achats ant\u00e9rieurs \u00e0 chaque point de contact<\/span><span data-ccp-props=\"{&quot;201341983&quot;:0,&quot;335559739&quot;:160,&quot;335559740&quot;:259}\">\u00a0<\/span><\/li><li data-leveltext=\"\uf0b7\" data-font=\"Symbol\" data-listid=\"4\" data-list-defn-props=\"{&quot;335552541&quot;:1,&quot;335559684&quot;:-2,&quot;335559685&quot;:720,&quot;335559991&quot;:360,&quot;469769226&quot;:&quot;Symbol&quot;,&quot;469769242&quot;:[8226],&quot;469777803&quot;:&quot;left&quot;,&quot;469777804&quot;:&quot;\uf0b7&quot;,&quot;469777815&quot;:&quot;hybridMultilevel&quot;}\" aria-setsize=\"-1\" data-aria-posinset=\"3\" data-aria-level=\"1\"><span data-contrast=\"auto\">Mettre \u00e0 jour les prix et les stocks en temps r\u00e9el sans risque d&#8217;erreurs co\u00fbteuses<\/span><span data-ccp-props=\"{&quot;201341983&quot;:0,&quot;335559739&quot;:160,&quot;335559740&quot;:259}\">\u00a0<\/span><\/li><li data-leveltext=\"\uf0b7\" data-font=\"Symbol\" data-listid=\"4\" data-list-defn-props=\"{&quot;335552541&quot;:1,&quot;335559684&quot;:-2,&quot;335559685&quot;:720,&quot;335559991&quot;:360,&quot;469769226&quot;:&quot;Symbol&quot;,&quot;469769242&quot;:[8226],&quot;469777803&quot;:&quot;left&quot;,&quot;469777804&quot;:&quot;\uf0b7&quot;,&quot;469777815&quot;:&quot;hybridMultilevel&quot;}\" aria-setsize=\"-1\" data-aria-posinset=\"4\" data-aria-level=\"1\"><span data-contrast=\"auto\">Automatiser le traitement des commandes et des factures, en \u00e9conomisant d&#8217;innombrables heures de saisie manuelle<\/span><span data-ccp-props=\"{&quot;201341983&quot;:0,&quot;335559739&quot;:160,&quot;335559740&quot;:259}\">\u00a0<\/span><\/li><\/ul><ul><li data-leveltext=\"\uf0b7\" data-font=\"Symbol\" data-listid=\"4\" data-list-defn-props=\"{&quot;335552541&quot;:1,&quot;335559684&quot;:-2,&quot;335559685&quot;:720,&quot;335559991&quot;:360,&quot;469769226&quot;:&quot;Symbol&quot;,&quot;469769242&quot;:[8226],&quot;469777803&quot;:&quot;left&quot;,&quot;469777804&quot;:&quot;\uf0b7&quot;,&quot;469777815&quot;:&quot;hybridMultilevel&quot;}\" aria-setsize=\"-1\" data-aria-posinset=\"1\" data-aria-level=\"1\"><span data-contrast=\"auto\">Faire tout cela sans un seul repr\u00e9sentant du service client\u00e8le ou de vente, permettant \u00e0 votre personnel de se concentrer sur la croissance de votre entreprise.<\/span><span data-ccp-props=\"{&quot;201341983&quot;:0,&quot;335559739&quot;:160,&quot;335559740&quot;:259}\">\u00a0<\/span><\/li><\/ul>\t\t\t\t\t\t\t\t<\/div>\n\t\t\t\t<\/div>\n\t\t\t\t\t<\/div>\n\t\t<\/div>\n\t\t\t\t<div class=\"elementor-column elementor-col-33 elementor-top-column elementor-element elementor-element-f876e64\" data-id=\"f876e64\" data-element_type=\"column\" data-e-type=\"column\">\n\t\t\t<div class=\"elementor-widget-wrap elementor-element-populated\">\n\t\t\t\t\t\t<div class=\"elementor-element elementor-element-10e4773 elementor-widget elementor-widget-image\" data-id=\"10e4773\" data-element_type=\"widget\" data-e-type=\"widget\" data-widget_type=\"image.default\">\n\t\t\t\t<div class=\"elementor-widget-container\">\n\t\t\t\t\t\t\t\t\t\t\t\t\t\t\t<img fetchpriority=\"high\" decoding=\"async\" width=\"600\" height=\"454\" src=\"https:\/\/k-ecommerce.com\/wp-content\/uploads\/2023\/05\/img-solution-alt.png\" class=\"attachment-large size-large wp-image-21955\" alt=\"\" srcset=\"https:\/\/k-ecommerce.com\/wp-content\/uploads\/2023\/05\/img-solution-alt.png 600w, https:\/\/k-ecommerce.com\/wp-content\/uploads\/2023\/05\/img-solution-alt-300x227.png 300w, https:\/\/k-ecommerce.com\/wp-content\/uploads\/2023\/05\/img-solution-alt-500x378.png 500w\" sizes=\"(max-width: 600px) 100vw, 600px\" \/>\t\t\t\t\t\t\t\t\t\t\t\t\t\t\t<\/div>\n\t\t\t\t<\/div>\n\t\t\t\t\t<\/div>\n\t\t<\/div>\n\t\t\t\t\t<\/div>\n\t\t<\/section>\n\t\t\t\t<section class=\"elementor-section elementor-top-section elementor-element elementor-element-ed4c500 elementor-section-boxed elementor-section-height-default elementor-section-height-default\" data-id=\"ed4c500\" data-element_type=\"section\" data-e-type=\"section\">\n\t\t\t\t\t\t<div class=\"elementor-container elementor-column-gap-default\">\n\t\t\t\t\t<div class=\"elementor-column elementor-col-50 elementor-top-column elementor-element elementor-element-b7b8949\" data-id=\"b7b8949\" data-element_type=\"column\" data-e-type=\"column\">\n\t\t\t<div class=\"elementor-widget-wrap elementor-element-populated\">\n\t\t\t\t\t\t<div class=\"elementor-element elementor-element-2415336 elementor-widget elementor-widget-heading\" data-id=\"2415336\" data-element_type=\"widget\" data-e-type=\"widget\" data-widget_type=\"heading.default\">\n\t\t\t\t<div class=\"elementor-widget-container\">\n\t\t\t\t\t<h3 class=\"elementor-heading-title elementor-size-default\">Acc\u00e9l\u00e9rez votre entreprise<\/h3>\t\t\t\t<\/div>\n\t\t\t\t<\/div>\n\t\t\t\t<div class=\"elementor-element elementor-element-891bd55 elementor-widget elementor-widget-text-editor\" data-id=\"891bd55\" data-element_type=\"widget\" data-e-type=\"widget\" data-widget_type=\"text-editor.default\">\n\t\t\t\t<div class=\"elementor-widget-container\">\n\t\t\t\t\t\t\t\t\t<p><span data-contrast=\"auto\">Souhaiteriez-vous savoir combien un investissement dans une solution de commerce \u00e9lectronique int\u00e9gr\u00e9e \u00e0 un syst\u00e8me ERP pourrait apporter de valeur \u00e0 votre entreprise ? Une telle solution pourrait non seulement se rentabiliser en temps et en \u00e9conomies, mais \u00e9galement stimuler vos ventes.<\/span><span data-ccp-props=\"{&quot;201341983&quot;:0,&quot;335559739&quot;:160,&quot;335559740&quot;:259}\">\u00a0<\/span><\/p><p><span data-contrast=\"auto\">Gr\u00e2ce \u00e0 l&#8217;int\u00e9gration de l&#8217;ecommerce avec un ERP, vous pouvez b\u00e9n\u00e9ficier de nombreux avantages pour votre entreprise.\u00a0<\/span><span data-ccp-props=\"{&quot;201341983&quot;:0,&quot;335559739&quot;:160,&quot;335559740&quot;:259}\">\u00a0<\/span><\/p><p>Il vous suffit de remplir le formulaire pour acc\u00e9der \u00e0 notre outil de calcul du retour sur investissement (ROI), qui vous aidera \u00e0 \u00e9valuer le potentiel de rendement offert par une solution de commerce \u00e9lectronique int\u00e9gr\u00e9e \u00e0 un ERP. T\u00e9l\u00e9chargez maintenant et obtenez un aper\u00e7u des avantages qu&#8217;elle peut apporter \u00e0 votre entreprise.<\/p>\t\t\t\t\t\t\t\t<\/div>\n\t\t\t\t<\/div>\n\t\t\t\t<div class=\"elementor-element elementor-element-ada61f6 elementor-widget elementor-widget-image\" data-id=\"ada61f6\" data-element_type=\"widget\" data-e-type=\"widget\" data-widget_type=\"image.default\">\n\t\t\t\t<div class=\"elementor-widget-container\">\n\t\t\t\t\t\t\t\t\t\t\t\t\t\t\t<img decoding=\"async\" width=\"600\" height=\"454\" data-src=\"https:\/\/k-ecommerce.com\/wp-content\/uploads\/2023\/05\/img-erp-ecommerce.jpg\" class=\"attachment-large size-large wp-image-21953 lazyload\" alt=\"\" data-srcset=\"https:\/\/k-ecommerce.com\/wp-content\/uploads\/2023\/05\/img-erp-ecommerce.jpg 600w, https:\/\/k-ecommerce.com\/wp-content\/uploads\/2023\/05\/img-erp-ecommerce-300x227.jpg 300w, https:\/\/k-ecommerce.com\/wp-content\/uploads\/2023\/05\/img-erp-ecommerce-500x378.jpg 500w\" data-sizes=\"(max-width: 600px) 100vw, 600px\" src=\"data:image\/svg+xml;base64,PHN2ZyB3aWR0aD0iMSIgaGVpZ2h0PSIxIiB4bWxucz0iaHR0cDovL3d3dy53My5vcmcvMjAwMC9zdmciPjwvc3ZnPg==\" style=\"--smush-placeholder-width: 600px; --smush-placeholder-aspect-ratio: 600\/454;\" \/>\t\t\t\t\t\t\t\t\t\t\t\t\t\t\t<\/div>\n\t\t\t\t<\/div>\n\t\t\t\t\t<\/div>\n\t\t<\/div>\n\t\t\t\t<div class=\"elementor-column elementor-col-50 elementor-top-column elementor-element elementor-element-b065125\" data-id=\"b065125\" data-element_type=\"column\" data-e-type=\"column\">\n\t\t\t<div class=\"elementor-widget-wrap elementor-element-populated\">\n\t\t\t\t\t\t<div class=\"elementor-element elementor-element-4f7bd9d elementor-widget-divider--view-line elementor-widget elementor-widget-divider\" data-id=\"4f7bd9d\" data-element_type=\"widget\" data-e-type=\"widget\" data-widget_type=\"divider.default\">\n\t\t\t\t<div class=\"elementor-widget-container\">\n\t\t\t\t\t\t\t<div class=\"elementor-divider\">\n\t\t\t<span class=\"elementor-divider-separator\">\n\t\t\t\t\t\t<\/span>\n\t\t<\/div>\n\t\t\t\t\t\t<\/div>\n\t\t\t\t<\/div>\n\t\t\t\t<div class=\"elementor-element elementor-element-0a556bf elementor-widget elementor-widget-html\" data-id=\"0a556bf\" data-element_type=\"widget\" data-e-type=\"widget\" data-widget_type=\"html.default\">\n\t\t\t\t<div class=\"elementor-widget-container\">\n\t\t\t\t\t<script>\n  hbspt.forms.create({\n    region: \"na1\",\n    portalId: \"7364244\",\n    formId: \"ed8ef3f3-347d-4655-ad62-1aa518f77511\"\n  });\n<\/script>\t\t\t\t<\/div>\n\t\t\t\t<\/div>\n\t\t\t\t\t<\/div>\n\t\t<\/div>\n\t\t\t\t\t<\/div>\n\t\t<\/section>\n\t\t\t\t<section class=\"elementor-section elementor-top-section elementor-element elementor-element-8ec9b93 elementor-section-boxed elementor-section-height-default elementor-section-height-default\" data-id=\"8ec9b93\" data-element_type=\"section\" data-e-type=\"section\">\n\t\t\t\t\t\t<div class=\"elementor-container elementor-column-gap-default\">\n\t\t\t\t\t<div class=\"elementor-column elementor-col-100 elementor-top-column elementor-element elementor-element-0aa02e4\" data-id=\"0aa02e4\" data-element_type=\"column\" data-e-type=\"column\">\n\t\t\t<div class=\"elementor-widget-wrap elementor-element-populated\">\n\t\t\t\t\t\t<div class=\"elementor-element elementor-element-cfdac44 elementor-widget elementor-widget-spacer\" data-id=\"cfdac44\" data-element_type=\"widget\" data-e-type=\"widget\" data-widget_type=\"spacer.default\">\n\t\t\t\t<div class=\"elementor-widget-container\">\n\t\t\t\t\t\t\t<div class=\"elementor-spacer\">\n\t\t\t<div class=\"elementor-spacer-inner\"><\/div>\n\t\t<\/div>\n\t\t\t\t\t\t<\/div>\n\t\t\t\t<\/div>\n\t\t\t\t\t<\/div>\n\t\t<\/div>\n\t\t\t\t\t<\/div>\n\t\t<\/section>\n\t\t\t\t<\/div>\n\t\t","protected":false},"excerpt":{"rendered":"<p>\u00c9valuation du rendement du capital investi (RCI) Le commerce \u00e9lectronique int\u00e9gr\u00e9 \u00e0 l&#8217;ERP profitera-t-il \u00e0 mon entreprise ? La mise en place d&#8217;une solution de commerce \u00e9lectronique peut sembler complexe, longue et potentiellement co\u00fbteuse. Pour avoir une id\u00e9e pr\u00e9cise du co\u00fbt r\u00e9el &#8211; et pour \u00e9valuer l&#8217;opportunit\u00e9 r\u00e9elle &#8211; vous devez prendre en compte le retour sur investissement (RCI) d&#8217;un tel projet.\u00a0 Imaginez faire un investissement qui vous permet de :\u00a0 Offrir \u00e0 vos clients un acc\u00e8s aux produits, aux prix et aux informations de compte 24 heures sur 24 et 7 jours sur 7\u00a0 Proposer des produits compl\u00e9mentaires, vendre<\/p>\n","protected":false},"author":2,"featured_media":0,"parent":0,"menu_order":0,"comment_status":"closed","ping_status":"closed","template":"","meta":{"_acf_changed":false,"inline_featured_image":false,"footnotes":""},"class_list":["post-22181","page","type-page","status-publish","hentry"],"acf":[],"_links":{"self":[{"href":"https:\/\/k-ecommerce.com\/fr\/wp-json\/wp\/v2\/pages\/22181","targetHints":{"allow":["GET"]}}],"collection":[{"href":"https:\/\/k-ecommerce.com\/fr\/wp-json\/wp\/v2\/pages"}],"about":[{"href":"https:\/\/k-ecommerce.com\/fr\/wp-json\/wp\/v2\/types\/page"}],"author":[{"embeddable":true,"href":"https:\/\/k-ecommerce.com\/fr\/wp-json\/wp\/v2\/users\/2"}],"replies":[{"embeddable":true,"href":"https:\/\/k-ecommerce.com\/fr\/wp-json\/wp\/v2\/comments?post=22181"}],"version-history":[{"count":0,"href":"https:\/\/k-ecommerce.com\/fr\/wp-json\/wp\/v2\/pages\/22181\/revisions"}],"wp:attachment":[{"href":"https:\/\/k-ecommerce.com\/fr\/wp-json\/wp\/v2\/media?parent=22181"}],"curies":[{"name":"wp","href":"https:\/\/api.w.org\/{rel}","templated":true}]}}