{"id":19220,"date":"2023-04-14T10:50:19","date_gmt":"2023-04-14T14:50:19","guid":{"rendered":"https:\/\/k-ecommerce.com\/?page_id=19220"},"modified":"2023-05-09T16:55:43","modified_gmt":"2023-05-09T20:55:43","slug":"tarifs-kip-pour-gp","status":"publish","type":"page","link":"https:\/\/k-ecommerce.com\/fr\/tarifs-kip-pour-gp","title":{"rendered":"Tarifs &#8211; KIP pour GP"},"content":{"rendered":"\t\t<div data-elementor-type=\"wp-page\" data-elementor-id=\"19220\" class=\"elementor elementor-19220 elementor-19193\" data-elementor-post-type=\"page\">\n\t\t\t\t\t\t<section class=\"elementor-section elementor-top-section elementor-element elementor-element-497aa49 elementor-section-boxed elementor-section-height-default elementor-section-height-default\" data-id=\"497aa49\" data-element_type=\"section\" data-e-type=\"section\" data-settings=\"{&quot;background_background&quot;:&quot;classic&quot;}\">\n\t\t\t\t\t\t<div class=\"elementor-container elementor-column-gap-default\">\n\t\t\t\t\t<div class=\"elementor-column elementor-col-100 elementor-top-column elementor-element elementor-element-be537b5\" data-id=\"be537b5\" data-element_type=\"column\" data-e-type=\"column\">\n\t\t\t<div class=\"elementor-widget-wrap elementor-element-populated\">\n\t\t\t\t\t\t<div class=\"elementor-element elementor-element-bccf953 elementor-widget elementor-widget-heading\" data-id=\"bccf953\" data-element_type=\"widget\" data-e-type=\"widget\" data-widget_type=\"heading.default\">\n\t\t\t\t<div class=\"elementor-widget-container\">\n\t\t\t\t\t<h2 class=\"elementor-heading-title elementor-size-default\">Tarification - KIP pour Dynamics GP<\/h2>\t\t\t\t<\/div>\n\t\t\t\t<\/div>\n\t\t\t\t<div class=\"elementor-element elementor-element-03a325d elementor-widget elementor-widget-heading\" data-id=\"03a325d\" data-element_type=\"widget\" data-e-type=\"widget\" data-widget_type=\"heading.default\">\n\t\t\t\t<div class=\"elementor-widget-container\">\n\t\t\t\t\t<h3 class=\"elementor-heading-title elementor-size-default\">Les avantages d'une solution cl\u00e9-en-main<\/h3>\t\t\t\t<\/div>\n\t\t\t\t<\/div>\n\t\t\t\t\t<\/div>\n\t\t<\/div>\n\t\t\t\t\t<\/div>\n\t\t<\/section>\n\t\t\t\t<section class=\"elementor-section elementor-top-section elementor-element elementor-element-934aafa elementor-section-boxed elementor-section-height-default elementor-section-height-default\" data-id=\"934aafa\" data-element_type=\"section\" data-e-type=\"section\">\n\t\t\t\t\t\t<div class=\"elementor-container elementor-column-gap-default\">\n\t\t\t\t\t<div class=\"elementor-column elementor-col-100 elementor-top-column elementor-element elementor-element-2880183\" data-id=\"2880183\" data-element_type=\"column\" data-e-type=\"column\">\n\t\t\t<div class=\"elementor-widget-wrap elementor-element-populated\">\n\t\t\t\t\t\t<div class=\"elementor-element elementor-element-0b3ec66 elementor-widget elementor-widget-htmega-datatable-addons\" data-id=\"0b3ec66\" data-element_type=\"widget\" data-e-type=\"widget\" data-widget_type=\"htmega-datatable-addons.default\">\n\t\t\t\t<div class=\"elementor-widget-container\">\n\t\t\t\t\t        <div class=\"htmega-table-style htmega-table-style-1 htb-table-responsive\">\n            <table class=\"htb-table \">\n                                    <thead>\n                        <tr>\n                            <th class='elementor-repeater-item-61786cc'><\/th><th class='elementor-repeater-item-7d3379f'>Avec notre compte marchand<\/th><th class='elementor-repeater-item-255b22d'>&nbsp;&nbsp;&nbsp;Sans&nbsp;&nbsp;&nbsp;<\/th>                        <\/tr>\n                    <\/thead>\n                                <tbody>\n                                            <tr>\n                            <td class=\"elementor-repeater-item-84d7a18\" >Paiement mensuel<\/td><td class=\"elementor-repeater-item-45cb692\" >$45<\/td><td class=\"elementor-repeater-item-fe1354a\" >$399<\/td>                        <\/tr>\n                                            <tr>\n                            <td class=\"elementor-repeater-item-0af8af7\" >Frais de mise en service<\/td><td class=\"elementor-repeater-item-b1e858c\" >$680<\/td><td class=\"elementor-repeater-item-a2861e8\" >$680<\/td>                        <\/tr>\n                                            <tr>\n                            <td class=\"elementor-repeater-item-511f8e5\" >Frais d'impl\u00e9mentation<\/td><td class=\"elementor-repeater-item-15264e2\" >$2720<\/td><td class=\"elementor-repeater-item-a17d5d6\" >$2720<\/td>                        <\/tr>\n                                            <tr>\n                            <td class=\"elementor-repeater-item-60b33b8\" >Traitement des paiements<br>(Passerelle et compte marchand fournis)<\/td><td class=\"elementor-repeater-item-4d7e7de\" ><div class=\"elementor-repeater-item-4d7e7de\"><i class=\"fas fa-check\"><\/i><\/div><\/td><td class=\"elementor-repeater-item-a6c6fe4\" ><div class=\"elementor-repeater-item-a6c6fe4\"><i class=\"fas fa-times\"><\/i><\/div><\/td>                        <\/tr>\n                                            <tr>\n                            <td class=\"elementor-repeater-item-05b50d3\" >Traitement des cartes de cr\u00e9dit de niveau 1\/2\/3<\/td><td class=\"elementor-repeater-item-62ee66d\" ><div class=\"elementor-repeater-item-62ee66d\"><i class=\"fas fa-check\"><\/i><\/div><\/td><td class=\"elementor-repeater-item-f0f723b\" ><div class=\"elementor-repeater-item-f0f723b\"><i class=\"fas fa-times\"><\/i><\/div><\/td>                        <\/tr>\n                                            <tr>\n                            <td class=\"elementor-repeater-item-974a9c4\" >R\u00e9conciliation de compte 24h<\/td><td class=\"elementor-repeater-item-ad74596\" ><div class=\"elementor-repeater-item-ad74596\"><i class=\"fas fa-check\"><\/i><\/div><\/td><td class=\"elementor-repeater-item-3f1d24d\" ><div class=\"elementor-repeater-item-3f1d24d\"><i class=\"fas fa-times\"><\/i><\/div><\/td>                        <\/tr>\n                                            <tr>\n                            <td class=\"elementor-repeater-item-2f24588\" >Int\u00e9gration ERP native<\/td><td class=\"elementor-repeater-item-5396587\" ><div class=\"elementor-repeater-item-5396587\"><i class=\"fas fa-check\"><\/i><\/div><\/td><td class=\"elementor-repeater-item-76187e9\" ><div class=\"elementor-repeater-item-76187e9\"><i class=\"fas fa-check\"><\/i><\/div><\/td>                        <\/tr>\n                                            <tr>\n                            <td class=\"elementor-repeater-item-11198f5\" >Portail de paiement des factures clients<\/td><td class=\"elementor-repeater-item-be3da31\" ><div class=\"elementor-repeater-item-be3da31\"><i class=\"fas fa-check\"><\/i><\/div><\/td><td class=\"elementor-repeater-item-157ae18\" ><div class=\"elementor-repeater-item-157ae18\"><i class=\"fas fa-check\"><\/i><\/div><\/td>                        <\/tr>\n                                            <tr>\n                            <td class=\"elementor-repeater-item-8847560\" >Certifi\u00e9 PCI niveau 1<\/td><td class=\"elementor-repeater-item-d76b7a8\" ><div class=\"elementor-repeater-item-d76b7a8\"><i class=\"fas fa-check\"><\/i><\/div><\/td><td class=\"elementor-repeater-item-5a5350b\" ><div class=\"elementor-repeater-item-5a5350b\"><i class=\"fas fa-check\"><\/i><\/div><\/td>                        <\/tr>\n                                            <tr>\n                            <td class=\"elementor-repeater-item-2ff2139\" >Plusieurs moyens de paiement accept\u00e9s<\/td><td class=\"elementor-repeater-item-68f8da7\" ><div class=\"elementor-repeater-item-68f8da7\"><i class=\"fas fa-check\"><\/i><\/div><\/td><td class=\"elementor-repeater-item-5f220ab\" ><div class=\"elementor-repeater-item-5f220ab\"><i class=\"fas fa-check\"><\/i><\/div><\/td>                        <\/tr>\n                                            <tr>\n                            <td class=\"elementor-repeater-item-b99149a\" >Soutien inclus<\/td><td class=\"elementor-repeater-item-cdb36e9\" ><div class=\"elementor-repeater-item-cdb36e9\"><i class=\"fas fa-check\"><\/i><\/div><\/td><td class=\"elementor-repeater-item-afa9e3b\" ><div class=\"elementor-repeater-item-afa9e3b\"><i class=\"fas fa-check\"><\/i><\/div><\/td>                        <\/tr>\n                                            <tr>\n                            <td class=\"elementor-repeater-item-ebf1b70\" >Base de connaissance<\/td><td class=\"elementor-repeater-item-3fbee28\" ><div class=\"elementor-repeater-item-3fbee28\"><i class=\"fas fa-check\"><\/i><\/div><\/td><td class=\"elementor-repeater-item-ad5db05\" ><div class=\"elementor-repeater-item-ad5db05\"><i class=\"fas fa-check\"><\/i><\/div><\/td>                        <\/tr>\n                                    <\/tbody>\n            <\/table>\n        <\/div>\n        \t\t\t\t<\/div>\n\t\t\t\t<\/div>\n\t\t\t\t\t<\/div>\n\t\t<\/div>\n\t\t\t\t\t<\/div>\n\t\t<\/section>\n\t\t\t\t<section class=\"elementor-section elementor-top-section elementor-element elementor-element-96a81f8 elementor-section-boxed elementor-section-height-default elementor-section-height-default\" data-id=\"96a81f8\" data-element_type=\"section\" data-e-type=\"section\">\n\t\t\t\t\t\t<div class=\"elementor-container elementor-column-gap-default\">\n\t\t\t\t\t<div class=\"elementor-column elementor-col-100 elementor-top-column elementor-element elementor-element-09174eb\" data-id=\"09174eb\" data-element_type=\"column\" data-e-type=\"column\">\n\t\t\t<div class=\"elementor-widget-wrap elementor-element-populated\">\n\t\t\t\t\t\t<div class=\"elementor-element elementor-element-7ff68fa elementor-widget elementor-widget-spacer\" data-id=\"7ff68fa\" data-element_type=\"widget\" data-e-type=\"widget\" data-widget_type=\"spacer.default\">\n\t\t\t\t<div class=\"elementor-widget-container\">\n\t\t\t\t\t\t\t<div class=\"elementor-spacer\">\n\t\t\t<div class=\"elementor-spacer-inner\"><\/div>\n\t\t<\/div>\n\t\t\t\t\t\t<\/div>\n\t\t\t\t<\/div>\n\t\t\t\t\t<\/div>\n\t\t<\/div>\n\t\t\t\t\t<\/div>\n\t\t<\/section>\n\t\t\t\t<\/div>\n\t\t","protected":false},"excerpt":{"rendered":"<p>Tarification &#8211; KIP pour Dynamics GP Les avantages d&#8217;une solution cl\u00e9-en-main Avec notre compte marchand \u00a0\u00a0\u00a0Sans Paiement mensuel $45 $399 Frais de mise en service $680 $680 Frais d&#8217;impl\u00e9mentation $2720 $2720 Traitement des paiements (Passerelle et compte marchand fournis) Traitement des cartes de cr\u00e9dit de niveau 1\/2\/3 R\u00e9conciliation de compte 24h Int\u00e9gration ERP native Portail de paiement des factures clients Certifi\u00e9 PCI niveau 1 Plusieurs moyens de paiement accept\u00e9s Soutien inclus Base de connaissance<\/p>\n","protected":false},"author":2,"featured_media":0,"parent":0,"menu_order":0,"comment_status":"closed","ping_status":"closed","template":"","meta":{"_acf_changed":false,"inline_featured_image":false,"footnotes":""},"class_list":["post-19220","page","type-page","status-publish","hentry"],"acf":[],"_links":{"self":[{"href":"https:\/\/k-ecommerce.com\/fr\/wp-json\/wp\/v2\/pages\/19220","targetHints":{"allow":["GET"]}}],"collection":[{"href":"https:\/\/k-ecommerce.com\/fr\/wp-json\/wp\/v2\/pages"}],"about":[{"href":"https:\/\/k-ecommerce.com\/fr\/wp-json\/wp\/v2\/types\/page"}],"author":[{"embeddable":true,"href":"https:\/\/k-ecommerce.com\/fr\/wp-json\/wp\/v2\/users\/2"}],"replies":[{"embeddable":true,"href":"https:\/\/k-ecommerce.com\/fr\/wp-json\/wp\/v2\/comments?post=19220"}],"version-history":[{"count":0,"href":"https:\/\/k-ecommerce.com\/fr\/wp-json\/wp\/v2\/pages\/19220\/revisions"}],"wp:attachment":[{"href":"https:\/\/k-ecommerce.com\/fr\/wp-json\/wp\/v2\/media?parent=19220"}],"curies":[{"name":"wp","href":"https:\/\/api.w.org\/{rel}","templated":true}]}}